{"id":45,"date":"2023-12-12T12:13:53","date_gmt":"2023-12-12T12:13:53","guid":{"rendered":"https:\/\/buero-365.com\/?page_id=45"},"modified":"2026-04-29T08:50:08","modified_gmt":"2026-04-29T08:50:08","slug":"faqs","status":"publish","type":"page","link":"https:\/\/buero-365.com\/en\/faqs\/","title":{"rendered":"FAQs"},"content":{"rendered":"<div data-elementor-type=\"wp-page\" data-elementor-id=\"45\" class=\"elementor elementor-45\" data-elementor-post-type=\"page\">\n\t\t\t\t\t\t<section class=\"has_eae_slider elementor-section elementor-top-section elementor-element elementor-element-ffaa503 elementor-reverse-mobile elementor-section-boxed elementor-section-height-default elementor-section-height-default\" data-eae-slider=\"13815\" data-id=\"ffaa503\" data-element_type=\"section\" data-e-type=\"section\" data-settings=\"{&quot;background_background&quot;:&quot;classic&quot;}\">\n\t\t\t\t\t\t<div class=\"elementor-container elementor-column-gap-default\">\n\t\t\t\t\t<div class=\"has_eae_slider elementor-column elementor-col-50 elementor-top-column elementor-element elementor-element-db78bfa elementor-invisible\" data-eae-slider=\"31264\" data-id=\"db78bfa\" data-element_type=\"column\" data-e-type=\"column\" data-settings=\"{&quot;animation&quot;:&quot;fadeInLeft&quot;}\">\n\t\t\t<div class=\"elementor-widget-wrap elementor-element-populated\">\n\t\t\t\t\t\t<div class=\"elementor-element elementor-element-56169a0 elementor-widget elementor-widget-heading\" data-id=\"56169a0\" data-element_type=\"widget\" data-e-type=\"widget\" data-widget_type=\"heading.default\">\n\t\t\t\t<div class=\"elementor-widget-container\">\n\t\t\t\t\t<h1 class=\"elementor-heading-title elementor-size-default\">Explore frequently asked questions about B\u00fcro 365<\/h1>\t\t\t\t<\/div>\n\t\t\t\t<\/div>\n\t\t\t\t<div class=\"elementor-element elementor-element-7f332f8 elementor-widget elementor-widget-text-editor\" data-id=\"7f332f8\" data-element_type=\"widget\" data-e-type=\"widget\" data-widget_type=\"text-editor.default\">\n\t\t\t\t<div class=\"elementor-widget-container\">\n\t\t\t\t\t\t\t\t\t<p>Explore commonly asked questions about B\u00fcro 365. Find answers to inquiries about support, operating hours, demos, feedback, training, and more.<\/p>\t\t\t\t\t\t\t\t<\/div>\n\t\t\t\t<\/div>\n\t\t\t\t<div class=\"elementor-element elementor-element-b2181e9 elementor-widget elementor-widget-button\" data-id=\"b2181e9\" data-element_type=\"widget\" data-e-type=\"widget\" data-widget_type=\"button.default\">\n\t\t\t\t<div class=\"elementor-widget-container\">\n\t\t\t\t\t\t\t\t\t<div class=\"elementor-button-wrapper\">\n\t\t\t\t\t<a class=\"elementor-button elementor-button-link elementor-size-sm elementor-animation-bob\" href=\"https:\/\/portal.buero-365.com\/registration\">\n\t\t\t\t\t\t<span class=\"elementor-button-content-wrapper\">\n\t\t\t\t\t\t\t\t\t<span class=\"elementor-button-text\">Start free trial<\/span>\n\t\t\t\t\t<\/span>\n\t\t\t\t\t<\/a>\n\t\t\t\t<\/div>\n\t\t\t\t\t\t\t\t<\/div>\n\t\t\t\t<\/div>\n\t\t\t\t\t<\/div>\n\t\t<\/div>\n\t\t\t\t<div class=\"has_eae_slider elementor-column elementor-col-50 elementor-top-column elementor-element elementor-element-906f28d elementor-invisible\" data-eae-slider=\"45915\" data-id=\"906f28d\" data-element_type=\"column\" data-e-type=\"column\" data-settings=\"{&quot;animation&quot;:&quot;fadeInRight&quot;}\">\n\t\t\t<div class=\"elementor-widget-wrap elementor-element-populated\">\n\t\t\t\t\t\t<div class=\"elementor-element elementor-element-ea77d9f elementor-widget elementor-widget-image\" data-id=\"ea77d9f\" data-element_type=\"widget\" data-e-type=\"widget\" data-widget_type=\"image.default\">\n\t\t\t\t<div class=\"elementor-widget-container\">\n\t\t\t\t\t\t\t\t\t\t\t\t\t\t\t<img fetchpriority=\"high\" decoding=\"async\" width=\"634\" height=\"405\" src=\"https:\/\/buero-365.com\/wp-content\/uploads\/2024\/06\/5-5-5.webp\" class=\"attachment-full size-full wp-image-4887\" alt=\"\" srcset=\"https:\/\/buero-365.com\/wp-content\/uploads\/2024\/06\/5-5-5.webp 634w, https:\/\/buero-365.com\/wp-content\/uploads\/2024\/06\/5-5-5-300x192.webp 300w\" sizes=\"(max-width: 634px) 100vw, 634px\" \/>\t\t\t\t\t\t\t\t\t\t\t\t\t\t\t<\/div>\n\t\t\t\t<\/div>\n\t\t\t\t\t<\/div>\n\t\t<\/div>\n\t\t\t\t\t<\/div>\n\t\t<\/section>\n\t\t\t\t<section class=\"has_eae_slider elementor-section elementor-top-section elementor-element elementor-element-186f26f elementor-section-boxed elementor-section-height-default elementor-section-height-default\" data-eae-slider=\"45963\" data-id=\"186f26f\" data-element_type=\"section\" data-e-type=\"section\" data-settings=\"{&quot;background_background&quot;:&quot;classic&quot;}\">\n\t\t\t\t\t\t<div class=\"elementor-container elementor-column-gap-default\">\n\t\t\t\t\t<div class=\"has_eae_slider elementor-column elementor-col-100 elementor-top-column elementor-element elementor-element-572a5a9\" data-eae-slider=\"72773\" data-id=\"572a5a9\" data-element_type=\"column\" data-e-type=\"column\">\n\t\t\t<div class=\"elementor-widget-wrap elementor-element-populated\">\n\t\t\t\t\t\t<section class=\"has_eae_slider elementor-section elementor-inner-section elementor-element elementor-element-6cedb84 elementor-section-boxed elementor-section-height-default elementor-section-height-default\" data-eae-slider=\"71801\" data-id=\"6cedb84\" data-element_type=\"section\" data-e-type=\"section\" data-settings=\"{&quot;background_background&quot;:&quot;classic&quot;}\">\n\t\t\t\t\t\t<div class=\"elementor-container elementor-column-gap-default\">\n\t\t\t\t\t<div class=\"has_eae_slider elementor-column elementor-col-100 elementor-inner-column elementor-element elementor-element-1212885\" data-eae-slider=\"62897\" data-id=\"1212885\" data-element_type=\"column\" data-e-type=\"column\">\n\t\t\t<div class=\"elementor-widget-wrap elementor-element-populated\">\n\t\t\t\t\t\t<div class=\"elementor-element elementor-element-c5ea117 elementor-invisible elementor-widget elementor-widget-heading\" data-id=\"c5ea117\" data-element_type=\"widget\" data-e-type=\"widget\" data-settings=\"{&quot;_animation&quot;:&quot;slideInDown&quot;}\" data-widget_type=\"heading.default\">\n\t\t\t\t<div class=\"elementor-widget-container\">\n\t\t\t\t\t<h3 class=\"elementor-heading-title elementor-size-default\">Frequently Asked Questions<\/h3>\t\t\t\t<\/div>\n\t\t\t\t<\/div>\n\t\t\t\t<div class=\"elementor-element elementor-element-1097e38 elementor-widget elementor-widget-text-editor\" data-id=\"1097e38\" data-element_type=\"widget\" data-e-type=\"widget\" data-widget_type=\"text-editor.default\">\n\t\t\t\t<div class=\"elementor-widget-container\">\n\t\t\t\t\t\t\t\t\t<p>Got questions? Our FAQs have quick, easy answers to help you get the info you need in no time.<\/p>\t\t\t\t\t\t\t\t<\/div>\n\t\t\t\t<\/div>\n\t\t\t\t\t<\/div>\n\t\t<\/div>\n\t\t\t\t\t<\/div>\n\t\t<\/section>\n\t\t\t\t<div class=\"elementor-element elementor-element-30e1fbc elementor-invisible elementor-widget elementor-widget-elementskit-accordion\" data-id=\"30e1fbc\" data-element_type=\"widget\" data-e-type=\"widget\" data-settings=\"{&quot;_animation&quot;:&quot;slideInUp&quot;}\" data-widget_type=\"elementskit-accordion.default\">\n\t\t\t\t<div class=\"elementor-widget-container\">\n\t\t\t\t\t<div class=\"ekit-wid-con\" >\n        <div class=\"elementskit-accordion accoedion-primary\" id=\"accordion-69f1e4cad43f1\">\n\n            \n                <div class=\"elementskit-card active\">\n                    <div class=\"elementskit-card-header\" id=\"primaryHeading-0-30e1fbc\">\n                        <a href=\"#collapse-7a95f2469f1e4cad43f1\" class=\"ekit-accordion--toggler elementskit-btn-link collapsed\" data-ekit-toggle=\"collapse\" data-target=\"#Collapse-7a95f2469f1e4cad43f1\" aria-expanded=\"true\" aria-controls=\"Collapse-7a95f2469f1e4cad43f1\">\n                            \n                            <span class=\"ekit-accordion-title\">How can I register my business with B\u00fcro 365?<\/span>\n\n                            \n                                <div class=\"ekit_accordion_icon_group\">\n                                    <div class=\"ekit_accordion_normal_icon\">\n                                        <!-- Normal Icon -->\n\t\t\t\t\t\t\t\t\t\t<i class=\"icon icon-plus-circle\"><\/i>                                    <\/div>\n\n                                    <div class=\"ekit_accordion_active_icon\">\n                                        <!-- Active Icon -->\n\t\t\t\t\t\t\t\t\t\t<i class=\"icon icon-circle-minus\"><\/i>                                    <\/div>\n                                <\/div>\n\n                            \n                                                    <\/a>\n                    <\/div>\n\n                    <div id=\"Collapse-7a95f2469f1e4cad43f1\" class=\"show collapse\" aria-labelledby=\"primaryHeading-0-30e1fbc\" data-parent=\"#accordion-69f1e4cad43f1\">\n\n                        <div class=\"elementskit-card-body ekit-accordion--content\">\n                            <p>Click on \"Register\" on our homepage, enter your company details, and start using our services.<\/p>                        <\/div>\n\n                    <\/div>\n\n                <\/div><!-- .elementskit-card END -->\n\n                \n                <div class=\"elementskit-card\">\n                    <div class=\"elementskit-card-header\" id=\"primaryHeading-1-30e1fbc\">\n                        <a href=\"#collapse-2978ae269f1e4cad43f1\" class=\"ekit-accordion--toggler elementskit-btn-link collapsed\" data-ekit-toggle=\"collapse\" data-target=\"#Collapse-2978ae269f1e4cad43f1\" aria-expanded=\"false\" aria-controls=\"Collapse-2978ae269f1e4cad43f1\">\n                            \n                            <span class=\"ekit-accordion-title\">What services does B\u00fcro 365 offer?<\/span>\n\n                            \n                                <div class=\"ekit_accordion_icon_group\">\n                                    <div class=\"ekit_accordion_normal_icon\">\n                                        <!-- Normal Icon -->\n\t\t\t\t\t\t\t\t\t\t<i class=\"icon icon-plus-circle\"><\/i>                                    <\/div>\n\n                                    <div class=\"ekit_accordion_active_icon\">\n                                        <!-- Active Icon -->\n\t\t\t\t\t\t\t\t\t\t<i class=\"icon icon-circle-minus\"><\/i>                                    <\/div>\n                                <\/div>\n\n                            \n                                                    <\/a>\n                    <\/div>\n\n                    <div id=\"Collapse-2978ae269f1e4cad43f1\" class=\"collapse\" aria-labelledby=\"primaryHeading-1-30e1fbc\" data-parent=\"#accordion-69f1e4cad43f1\">\n\n                        <div class=\"elementskit-card-body ekit-accordion--content\">\n                            <p>We offer various services on a single platform, including lead management, offer creation, contract signing, and invoicing.<\/p>                        <\/div>\n\n                    <\/div>\n\n                <\/div><!-- .elementskit-card END -->\n\n                \n                <div class=\"elementskit-card\">\n                    <div class=\"elementskit-card-header\" id=\"primaryHeading-2-30e1fbc\">\n                        <a href=\"#collapse-3c3110d69f1e4cad43f1\" class=\"ekit-accordion--toggler elementskit-btn-link collapsed\" data-ekit-toggle=\"collapse\" data-target=\"#Collapse-3c3110d69f1e4cad43f1\" aria-expanded=\"false\" aria-controls=\"Collapse-3c3110d69f1e4cad43f1\">\n                            \n                            <span class=\"ekit-accordion-title\">How does B\u00fcro 365 simplify communication between customers and registered businesses?<\/span>\n\n                            \n                                <div class=\"ekit_accordion_icon_group\">\n                                    <div class=\"ekit_accordion_normal_icon\">\n                                        <!-- Normal Icon -->\n\t\t\t\t\t\t\t\t\t\t<i class=\"icon icon-plus-circle\"><\/i>                                    <\/div>\n\n                                    <div class=\"ekit_accordion_active_icon\">\n                                        <!-- Active Icon -->\n\t\t\t\t\t\t\t\t\t\t<i class=\"icon icon-circle-minus\"><\/i>                                    <\/div>\n                                <\/div>\n\n                            \n                                                    <\/a>\n                    <\/div>\n\n                    <div id=\"Collapse-3c3110d69f1e4cad43f1\" class=\"collapse\" aria-labelledby=\"primaryHeading-2-30e1fbc\" data-parent=\"#accordion-69f1e4cad43f1\">\n\n                        <div class=\"elementskit-card-body ekit-accordion--content\">\n                            <p>Use our built-in messaging feature to efficiently manage and communicate with customers.<\/p>                        <\/div>\n\n                    <\/div>\n\n                <\/div><!-- .elementskit-card END -->\n\n                \n                <div class=\"elementskit-card\">\n                    <div class=\"elementskit-card-header\" id=\"primaryHeading-3-30e1fbc\">\n                        <a href=\"#collapse-f80c3fd69f1e4cad43f1\" class=\"ekit-accordion--toggler elementskit-btn-link collapsed\" data-ekit-toggle=\"collapse\" data-target=\"#Collapse-f80c3fd69f1e4cad43f1\" aria-expanded=\"false\" aria-controls=\"Collapse-f80c3fd69f1e4cad43f1\">\n                            \n                            <span class=\"ekit-accordion-title\">How do I create offers for my business?<\/span>\n\n                            \n                                <div class=\"ekit_accordion_icon_group\">\n                                    <div class=\"ekit_accordion_normal_icon\">\n                                        <!-- Normal Icon -->\n\t\t\t\t\t\t\t\t\t\t<i class=\"icon icon-plus-circle\"><\/i>                                    <\/div>\n\n                                    <div class=\"ekit_accordion_active_icon\">\n                                        <!-- Active Icon -->\n\t\t\t\t\t\t\t\t\t\t<i class=\"icon icon-circle-minus\"><\/i>                                    <\/div>\n                                <\/div>\n\n                            \n                                                    <\/a>\n                    <\/div>\n\n                    <div id=\"Collapse-f80c3fd69f1e4cad43f1\" class=\"collapse\" aria-labelledby=\"primaryHeading-3-30e1fbc\" data-parent=\"#accordion-69f1e4cad43f1\">\n\n                        <div class=\"elementskit-card-body ekit-accordion--content\">\n                            <p>With our dashboard, you can manage your offers. Open, close, or set expiration dates for your offers with ease.<\/p>                        <\/div>\n\n                    <\/div>\n\n                <\/div><!-- .elementskit-card END -->\n\n                \n                <div class=\"elementskit-card\">\n                    <div class=\"elementskit-card-header\" id=\"primaryHeading-4-30e1fbc\">\n                        <a href=\"#collapse-7c59ad769f1e4cad43f1\" class=\"ekit-accordion--toggler elementskit-btn-link collapsed\" data-ekit-toggle=\"collapse\" data-target=\"#Collapse-7c59ad769f1e4cad43f1\" aria-expanded=\"false\" aria-controls=\"Collapse-7c59ad769f1e4cad43f1\">\n                            \n                            <span class=\"ekit-accordion-title\">How do I monitor customer contacts?<\/span>\n\n                            \n                                <div class=\"ekit_accordion_icon_group\">\n                                    <div class=\"ekit_accordion_normal_icon\">\n                                        <!-- Normal Icon -->\n\t\t\t\t\t\t\t\t\t\t<i class=\"icon icon-plus-circle\"><\/i>                                    <\/div>\n\n                                    <div class=\"ekit_accordion_active_icon\">\n                                        <!-- Active Icon -->\n\t\t\t\t\t\t\t\t\t\t<i class=\"icon icon-circle-minus\"><\/i>                                    <\/div>\n                                <\/div>\n\n                            \n                                                    <\/a>\n                    <\/div>\n\n                    <div id=\"Collapse-7c59ad769f1e4cad43f1\" class=\"collapse\" aria-labelledby=\"primaryHeading-4-30e1fbc\" data-parent=\"#accordion-69f1e4cad43f1\">\n\n                        <div class=\"elementskit-card-body ekit-accordion--content\">\n                            <p>Use our reporting tools to monitor customer interactions, track engagement metrics, and collect valuable data for strategic decisions.<\/p>                        <\/div>\n\n                    <\/div>\n\n                <\/div><!-- .elementskit-card END -->\n\n                \n                <div class=\"elementskit-card\">\n                    <div class=\"elementskit-card-header\" id=\"primaryHeading-5-30e1fbc\">\n                        <a href=\"#collapse-73a60dc69f1e4cad43f1\" class=\"ekit-accordion--toggler elementskit-btn-link collapsed\" data-ekit-toggle=\"collapse\" data-target=\"#Collapse-73a60dc69f1e4cad43f1\" aria-expanded=\"false\" aria-controls=\"Collapse-73a60dc69f1e4cad43f1\">\n                            \n                            <span class=\"ekit-accordion-title\">What measures does B\u00fcro 365 take for data backup and recovery?<\/span>\n\n                            \n                                <div class=\"ekit_accordion_icon_group\">\n                                    <div class=\"ekit_accordion_normal_icon\">\n                                        <!-- Normal Icon -->\n\t\t\t\t\t\t\t\t\t\t<i class=\"icon icon-plus-circle\"><\/i>                                    <\/div>\n\n                                    <div class=\"ekit_accordion_active_icon\">\n                                        <!-- Active Icon -->\n\t\t\t\t\t\t\t\t\t\t<i class=\"icon icon-circle-minus\"><\/i>                                    <\/div>\n                                <\/div>\n\n                            \n                                                    <\/a>\n                    <\/div>\n\n                    <div id=\"Collapse-73a60dc69f1e4cad43f1\" class=\"collapse\" aria-labelledby=\"primaryHeading-5-30e1fbc\" data-parent=\"#accordion-69f1e4cad43f1\">\n\n                        <div class=\"elementskit-card-body ekit-accordion--content\">\n                            <p>B\u00fcro 365 ensures regular data backups and implements efficient recovery protocols to protect your business data in the event of unexpected incidents.<\/p>                        <\/div>\n\n                    <\/div>\n\n                <\/div><!-- .elementskit-card END -->\n\n                \n                <div class=\"elementskit-card\">\n                    <div class=\"elementskit-card-header\" id=\"primaryHeading-6-30e1fbc\">\n                        <a href=\"#collapse-855a8fa69f1e4cad43f1\" class=\"ekit-accordion--toggler elementskit-btn-link collapsed\" data-ekit-toggle=\"collapse\" data-target=\"#Collapse-855a8fa69f1e4cad43f1\" aria-expanded=\"false\" aria-controls=\"Collapse-855a8fa69f1e4cad43f1\">\n                            \n                            <span class=\"ekit-accordion-title\">Is B\u00fcro-365 compatible with other applications?<\/span>\n\n                            \n                                <div class=\"ekit_accordion_icon_group\">\n                                    <div class=\"ekit_accordion_normal_icon\">\n                                        <!-- Normal Icon -->\n\t\t\t\t\t\t\t\t\t\t<i class=\"icon icon-plus-circle\"><\/i>                                    <\/div>\n\n                                    <div class=\"ekit_accordion_active_icon\">\n                                        <!-- Active Icon -->\n\t\t\t\t\t\t\t\t\t\t<i class=\"icon icon-circle-minus\"><\/i>                                    <\/div>\n                                <\/div>\n\n                            \n                                                    <\/a>\n                    <\/div>\n\n                    <div id=\"Collapse-855a8fa69f1e4cad43f1\" class=\"collapse\" aria-labelledby=\"primaryHeading-6-30e1fbc\" data-parent=\"#accordion-69f1e4cad43f1\">\n\n                        <div class=\"elementskit-card-body ekit-accordion--content\">\n                            <p>Yes, the B\u00fcro-365 app integrates seamlessly with various applications, promoting effective communication, offer management, contract processing, and invoicing between registered companies and their customers.<\/p>                        <\/div>\n\n                    <\/div>\n\n                <\/div><!-- .elementskit-card END -->\n\n                \n                <div class=\"elementskit-card\">\n                    <div class=\"elementskit-card-header\" id=\"primaryHeading-7-30e1fbc\">\n                        <a href=\"#collapse-2f7739b69f1e4cad43f1\" class=\"ekit-accordion--toggler elementskit-btn-link collapsed\" data-ekit-toggle=\"collapse\" data-target=\"#Collapse-2f7739b69f1e4cad43f1\" aria-expanded=\"false\" aria-controls=\"Collapse-2f7739b69f1e4cad43f1\">\n                            \n                            <span class=\"ekit-accordion-title\">How secure is B\u00fcro-365?<\/span>\n\n                            \n                                <div class=\"ekit_accordion_icon_group\">\n                                    <div class=\"ekit_accordion_normal_icon\">\n                                        <!-- Normal Icon -->\n\t\t\t\t\t\t\t\t\t\t<i class=\"icon icon-plus-circle\"><\/i>                                    <\/div>\n\n                                    <div class=\"ekit_accordion_active_icon\">\n                                        <!-- Active Icon -->\n\t\t\t\t\t\t\t\t\t\t<i class=\"icon icon-circle-minus\"><\/i>                                    <\/div>\n                                <\/div>\n\n                            \n                                                    <\/a>\n                    <\/div>\n\n                    <div id=\"Collapse-2f7739b69f1e4cad43f1\" class=\"collapse\" aria-labelledby=\"primaryHeading-7-30e1fbc\" data-parent=\"#accordion-69f1e4cad43f1\">\n\n                        <div class=\"elementskit-card-body ekit-accordion--content\">\n                            <p>B\u00fcro-365 provides registered companies with robust security through encryption and industry-standard protocols to effectively protect data throughout the entire service lifecycle.<\/p>                        <\/div>\n\n                    <\/div>\n\n                <\/div><!-- .elementskit-card END -->\n\n                \n                <div class=\"elementskit-card\">\n                    <div class=\"elementskit-card-header\" id=\"primaryHeading-8-30e1fbc\">\n                        <a href=\"#collapse-78a413a69f1e4cad43f1\" class=\"ekit-accordion--toggler elementskit-btn-link collapsed\" data-ekit-toggle=\"collapse\" data-target=\"#Collapse-78a413a69f1e4cad43f1\" aria-expanded=\"false\" aria-controls=\"Collapse-78a413a69f1e4cad43f1\">\n                            \n                            <span class=\"ekit-accordion-title\">Can I test B\u00fcro-365 free of charge before purchasing?<\/span>\n\n                            \n                                <div class=\"ekit_accordion_icon_group\">\n                                    <div class=\"ekit_accordion_normal_icon\">\n                                        <!-- Normal Icon -->\n\t\t\t\t\t\t\t\t\t\t<i class=\"icon icon-plus-circle\"><\/i>                                    <\/div>\n\n                                    <div class=\"ekit_accordion_active_icon\">\n                                        <!-- Active Icon -->\n\t\t\t\t\t\t\t\t\t\t<i class=\"icon icon-circle-minus\"><\/i>                                    <\/div>\n                                <\/div>\n\n                            \n                                                    <\/a>\n                    <\/div>\n\n                    <div id=\"Collapse-78a413a69f1e4cad43f1\" class=\"collapse\" aria-labelledby=\"primaryHeading-8-30e1fbc\" data-parent=\"#accordion-69f1e4cad43f1\">\n\n                        <div class=\"elementskit-card-body ekit-accordion--content\">\n                            <p>Yes, try B\u00fcro-365 before purchasing. Register, explore our services, communicate, sign contracts, and create invoices to experience a comprehensive business solution.<\/p>                        <\/div>\n\n                    <\/div>\n\n                <\/div><!-- .elementskit-card END -->\n\n                                        <\/div>\n    <\/div>\t\t\t\t<\/div>\n\t\t\t\t<\/div>\n\t\t\t\t\t<\/div>\n\t\t<\/div>\n\t\t\t\t\t<\/div>\n\t\t<\/section>\n\t\t\t\t<\/div>","protected":false},"excerpt":{"rendered":"<p>Entdecken Sie h\u00e4ufig gestellte Fragen zu B\u00fcro 365 Erlangen Sie prompte Aufkl\u00e4rungen dar\u00fcber, wie B\u00fcro-365 mit seiner umfassenden Plattform die Gesch\u00e4ftsf\u00fchrung vereinfacht, indem es Verkaufsabl\u00e4ufe, Kundenengagement und effektive Betriebs\u00fcberwachung ber\u00fccksichtigt, und das alles unter dem Gesichtspunkt der Preisg\u00fcnstigkeit und Anwenderfreundlichkeit. Gratis-Trail starten H\u00e4ufig gestellte Fragen In unseren h\u00e4ufigen Fragen finden Sie z\u00fcgige Antworten auf allgemeine [&hellip;]<\/p>\n","protected":false},"author":2,"featured_media":0,"parent":0,"menu_order":0,"comment_status":"closed","ping_status":"closed","template":"elementor_header_footer","meta":{"footnotes":""},"class_list":["post-45","page","type-page","status-publish","hentry"],"_links":{"self":[{"href":"https:\/\/buero-365.com\/en\/wp-json\/wp\/v2\/pages\/45","targetHints":{"allow":["GET"]}}],"collection":[{"href":"https:\/\/buero-365.com\/en\/wp-json\/wp\/v2\/pages"}],"about":[{"href":"https:\/\/buero-365.com\/en\/wp-json\/wp\/v2\/types\/page"}],"author":[{"embeddable":true,"href":"https:\/\/buero-365.com\/en\/wp-json\/wp\/v2\/users\/2"}],"replies":[{"embeddable":true,"href":"https:\/\/buero-365.com\/en\/wp-json\/wp\/v2\/comments?post=45"}],"version-history":[{"count":10,"href":"https:\/\/buero-365.com\/en\/wp-json\/wp\/v2\/pages\/45\/revisions"}],"predecessor-version":[{"id":12638,"href":"https:\/\/buero-365.com\/en\/wp-json\/wp\/v2\/pages\/45\/revisions\/12638"}],"wp:attachment":[{"href":"https:\/\/buero-365.com\/en\/wp-json\/wp\/v2\/media?parent=45"}],"curies":[{"name":"wp","href":"https:\/\/api.w.org\/{rel}","templated":true}]}}