{"id":5664,"date":"2024-12-04T15:23:27","date_gmt":"2024-12-04T15:23:27","guid":{"rendered":"https:\/\/buero-365.com\/?page_id=5664"},"modified":"2026-04-01T14:20:46","modified_gmt":"2026-04-01T14:20:46","slug":"impressum","status":"publish","type":"page","link":"https:\/\/buero-365.com\/en\/impressum\/","title":{"rendered":"Imprint"},"content":{"rendered":"<div data-elementor-type=\"wp-page\" data-elementor-id=\"5664\" class=\"elementor elementor-5664\" data-elementor-post-type=\"page\">\n\t\t\t\t<div class=\"has_eae_slider elementor-element elementor-element-810ed5c e-flex e-con-boxed e-con e-parent\" data-eae-slider=\"66389\" data-id=\"810ed5c\" data-element_type=\"container\" data-e-type=\"container\" data-settings=\"{&quot;background_background&quot;:&quot;gradient&quot;}\">\n\t\t\t\t\t<div class=\"e-con-inner\">\n\t\t\t\t<div class=\"elementor-element elementor-element-59b9e45 elementor-widget elementor-widget-heading\" data-id=\"59b9e45\" data-element_type=\"widget\" data-e-type=\"widget\" data-widget_type=\"heading.default\">\n\t\t\t\t<div class=\"elementor-widget-container\">\n\t\t\t\t\t<h1 class=\"elementor-heading-title elementor-size-default\">Imprint<\/h1>\t\t\t\t<\/div>\n\t\t\t\t<\/div>\n\t\t\t\t\t<\/div>\n\t\t\t\t<\/div>\n\t\t<div class=\"has_eae_slider elementor-element elementor-element-fee3cf4 e-flex e-con-boxed e-con e-parent\" data-eae-slider=\"12273\" data-id=\"fee3cf4\" data-element_type=\"container\" data-e-type=\"container\">\n\t\t\t\t\t<div class=\"e-con-inner\">\n\t\t\t\t<div class=\"elementor-element elementor-element-51c8986 elementor-widget elementor-widget-text-editor\" data-id=\"51c8986\" data-element_type=\"widget\" data-e-type=\"widget\" data-widget_type=\"text-editor.default\">\n\t\t\t\t<div class=\"elementor-widget-container\">\n\t\t\t\t\t\t\t\t\t<p><strong>Company Address:<\/strong><\/p><p><!-- \/wp:paragraph --> <!-- wp:paragraph --><\/p><p>B\u00fcro 365<br \/>Bernstrasse 8<br \/>3360 Herzogenbuchsee<\/p><p><!-- \/wp:paragraph --> <!-- wp:paragraph --><\/p><p><strong>Managing Director:<br \/><\/strong>Ahmad Alrahal<\/p><p><!-- \/wp:paragraph --> <!-- wp:paragraph {\"style\":{\"elements\":{\"link\":{\"color\":{\"text\":\"#6816f6\"}}}},\"textColor\":\"black\"} --><\/p><p class=\"has-black-color has-text-color has-link-color\"><strong>Contact Information:<\/strong><br \/>Phone: <a href=\"tel:+41 62 961 17 43\">+41 62 961 17 43<\/a><br \/>Email: <a href=\"mailto:info@buero-365.com\">info@buero-365.com<\/a><br \/>Website: <a href=\"https:\/\/buero-365.com\/en\/\">https:\/\/buero-365.com<\/a><\/p><p><!-- \/wp:paragraph --> <!-- wp:paragraph --><\/p><p><strong>VAT number:<br \/><\/strong>CHE-246.850.949<\/p><p><!-- \/wp:paragraph --> <!-- wp:paragraph --><\/p><p><strong>Legal Disclaimer<br \/><\/strong>B\u00fcro 365 is a business management platform that helps businesses streamline their operations through lead management, invoicing, email tracking, and more. For inquiries or support, please reach out to us using the contact details above.<\/p><p><!-- \/wp:paragraph --> <!-- wp:paragraph --><\/p><p class=\"translation-block\"><strong>Liability Disclaimer<\/strong><br>\nWhile we make every effort to ensure the accuracy and reliability of the information on our website, we cannot be held responsible for the content of external links. Any links to third-party websites are provided for convenience, and the responsibility for the content of those sites lies solely with their respective operators. We recommend reviewing the terms and conditions of any external site you visit.<\/p><p><!-- \/wp:paragraph --> <!-- wp:paragraph --><\/p><p><strong>Copyright Notice<br \/><\/strong>All content on this website, including text, images, and graphics, is the property of B\u00fcro 365 unless otherwise stated. Unauthorized copying, reproduction, or distribution of this material is strictly prohibited. If you wish to use any content from our website, please contact us for permission. We are committed to protecting our intellectual property and ensuring fair use of our content.<\/p><p><!-- \/wp:paragraph --> <!-- wp:paragraph --><\/p><p><strong>Data Protection<\/strong><br \/>At B\u00fcro 365, we take your privacy seriously. We are committed to protecting your personal data and ensuring that it is used responsibly. For detailed information on how we collect, process, and protect your data, please refer to our Privacy Policy. We adhere to strict data protection regulations and regularly update our practices to ensure compliance.<\/p><p><!-- \/wp:paragraph --> <!-- wp:paragraph --><\/p><p><strong>Applicable Law<br \/><\/strong>This website and all legal notices are governed by the laws of Switzerland. By using our website, you agree to be bound by the applicable Swiss laws and regulations. Any legal disputes that may arise in connection with the use of our website will be resolved under Swiss jurisdiction, ensuring a fair and lawful process.<\/p><p><!-- \/wp:paragraph --><\/p>\t\t\t\t\t\t\t\t<\/div>\n\t\t\t\t<\/div>\n\t\t\t\t\t<\/div>\n\t\t\t\t<\/div>\n\t\t\t\t<\/div>","protected":false},"excerpt":{"rendered":"<p>Impressum Firmenanschrift: B\u00fcro 365Bernstrasse 83360 Herzogenbuchsee Gesch\u00e4ftsf\u00fchrer:Ahmad Alrahal Kontaktinformationen:Telefon: +41 62 961 17 43E-Mail: info@buero-365.comWebseite: https:\/\/buero-365.com MWST-Nummer:CHE-246.850.949 Rechtlicher HinweisB\u00fcro 365 ist eine Business-Management-Plattform, die Unternehmen dabei unterst\u00fctzt, ihre Gesch\u00e4ftsabl\u00e4ufe durch Lead-Management, Rechnungsstellung, E-Mail-Tracking und mehr zu optimieren. F\u00fcr Anfragen oder Unterst\u00fctzung k\u00f6nnen Sie uns \u00fcber die oben angegebenen Kontaktinformationen erreichen. HaftungsausschlussTrotz unserer Bem\u00fchungen, die Genauigkeit [&hellip;]<\/p>\n","protected":false},"author":2,"featured_media":0,"parent":0,"menu_order":0,"comment_status":"closed","ping_status":"closed","template":"","meta":{"footnotes":""},"class_list":["post-5664","page","type-page","status-publish","hentry"],"_links":{"self":[{"href":"https:\/\/buero-365.com\/en\/wp-json\/wp\/v2\/pages\/5664","targetHints":{"allow":["GET"]}}],"collection":[{"href":"https:\/\/buero-365.com\/en\/wp-json\/wp\/v2\/pages"}],"about":[{"href":"https:\/\/buero-365.com\/en\/wp-json\/wp\/v2\/types\/page"}],"author":[{"embeddable":true,"href":"https:\/\/buero-365.com\/en\/wp-json\/wp\/v2\/users\/2"}],"replies":[{"embeddable":true,"href":"https:\/\/buero-365.com\/en\/wp-json\/wp\/v2\/comments?post=5664"}],"version-history":[{"count":10,"href":"https:\/\/buero-365.com\/en\/wp-json\/wp\/v2\/pages\/5664\/revisions"}],"predecessor-version":[{"id":12043,"href":"https:\/\/buero-365.com\/en\/wp-json\/wp\/v2\/pages\/5664\/revisions\/12043"}],"wp:attachment":[{"href":"https:\/\/buero-365.com\/en\/wp-json\/wp\/v2\/media?parent=5664"}],"curies":[{"name":"wp","href":"https:\/\/api.w.org\/{rel}","templated":true}]}}